{"id":95,"date":"2022-01-27T10:58:29","date_gmt":"2022-01-27T10:58:29","guid":{"rendered":"http:\/\/cognito.mprinsdesign.nl\/?page_id=95"},"modified":"2024-02-01T12:32:47","modified_gmt":"2024-02-01T12:32:47","slug":"il-complesso","status":"publish","type":"page","link":"https:\/\/libella-estepona.com\/it\/il-complesso\/","title":{"rendered":"Libella\u2013Estepona"},"content":{"rendered":"<section class=\"wpb-content-wrapper\"><div  class=\"content_row row page-content vc_row wpb_row  default-style fullwidth\" >\n\t\n\t<div class=\"content_row_wrapper  default\" >\n\t<div id=\"asdasd\" class=\"vc_col-sm-12 wpb_column vc_column_container\" >\n\t<div class=\"vc_column-inner\">\n\t\t<div class=\"wpb_wrapper\" >\n\t\t\t<div class=\"rt_heading_wrapper no-style\">\n\t\t\t\t\t\t<h1 class=\"rt_heading  no-style\"  style=\"font-size:24px;margin-top:24px;margin-bottom:0px;\">Libella Estepona \u2013 <span class=\"after_h1\">Nuova costruzione con vista mare e vicino alla natura del Parco Selwo<\/span><\/h1> \n\t\t\t\t\t<\/div><div class=\"vc_empty_space\"   style=\"height: 32px\"><span class=\"vc_empty_space_inner\"><\/span><\/div><div class=\"vc_separator wpb_content_element vc_separator_align_center vc_sep_width_100 vc_sep_style-4 vc_sep_pos_align_center vc_separator_no_text vc_sep_color_grey\" ><span class=\"vc_sep_holder vc_sep_holder_l\"><span class=\"vc_sep_line\"><\/span><\/span><span class=\"vc_sep_holder vc_sep_holder_r\"><span class=\"vc_sep_line\"><\/span><\/span>\n<\/div><div class=\"vc_empty_space\"   style=\"height: 32px\"><span class=\"vc_empty_space_inner\"><\/span><\/div>\n\t<div class=\"wpb_text_column wpb_content_element\" >\n\t\t<div class=\"wpb_wrapper\">\n\t\t\t<div class=\"\">\n<p><strong>LIBELLA \u2013 vivere tra l&#039;azzurro del cielo e il blu del Mar Mediterraneo<\/strong><\/p>\n<p><span style=\"font-weight: 400;\">Libella, la tua nuova casa a Estepona situata su una dolce collina <\/span><span style=\"font-weight: 400;\">con una bellissima vista sul mare e sulla valle.\u00a0<\/span><span style=\"font-weight: 400;\">Il nome &#039;Libella&#039; si riferisce alla forma di una Libellula, il complesso \u00e8 situato su un appezzamento di terreno che sembra spiegare le ali per sorvolare la Costa del Sol.\u00a0 <\/span><span style=\"font-weight: 400;\">LIBELLA \u00e8 circondata da aree verdi accanto al parco tematico Selwo Aventura e non lontano dal golf club La Resina e a due passi dalla spiaggia.<\/span><\/p>\n<p><span style=\"font-weight: 400;\">Le case LIBELLA hanno due o tre camere da letto e possono essere adattate ai vostri desideri. Estepona \u00e8 uno dei luoghi pi\u00f9 desiderabili della provincia di M\u00e1laga. Il nuovo &quot;Miglio d&#039;Oro&quot; della Costa del Sol ha un clima fantastico e bellissime spiagge. LIBELLA \u00e8 la combinazione perfetta tra vivere in mezzo alla natura e la comodit\u00e0 di essere a due passi da tutto ci\u00f2 che Estepona ha da offrire. Inclusi ottimi servizi per quanto riguarda istruzione, shopping e tempo libero, con opzioni per tutti i gusti.\u00a0<\/span><\/p>\n<p>Libella \u00e8 composta in totale <strong>67 appartamenti e attici<\/strong> con 2 e 3 camere da letto (26 unit\u00e0 nella Fase I e 41 nella Fase II). A seconda della tipologia, alcune case saranno dotate anche di piscina privata o vasca idromassaggio.<\/p>\n<p>Libella si trova nella parte settentrionale di <strong>Parco Selwo<\/strong>, un&#039;enclave verde nel triangolo dei comuni di Estepona, Marbella e Benahav\u00eds. Dista un&#039;ora dall&#039;aeroporto di Malaga e 25 minuti da Marbella. Il progetto ha anche accesso alla A-7 che lo rende a soli 10 minuti dal centro di Estepona e dalla spiaggia. Tutti i 26 appartamenti e attici in vendita nella prima fase di Libella sono esposti a sud-est e godono di un&#039;incredibile vista sulla natura del parco e sul mare.<\/p>\n<p><img fetchpriority=\"high\" decoding=\"async\" class=\"alignnone wp-image-4279 size-full\" src=\"https:\/\/libella-estepona.com\/wp-content\/uploads\/sites\/15\/2023\/02\/Libella-location.jpg\" alt=\"localit\u00e0 Libella Estepona\" width=\"953\" height=\"621\" srcset=\"https:\/\/libella-estepona.com\/wp-content\/uploads\/sites\/15\/2023\/02\/Libella-location.jpg 953w, https:\/\/libella-estepona.com\/wp-content\/uploads\/sites\/15\/2023\/02\/Libella-location-300x195.jpg 300w, https:\/\/libella-estepona.com\/wp-content\/uploads\/sites\/15\/2023\/02\/Libella-location-768x500.jpg 768w, https:\/\/libella-estepona.com\/wp-content\/uploads\/sites\/15\/2023\/02\/Libella-location-18x12.jpg 18w\" sizes=\"(max-width: 953px) 100vw, 953px\" \/><\/p>\n<p>Hanno il riscaldamento a pavimento e sono attrezzati e rifiniti con i pi\u00f9 recenti materiali di alta qualit\u00e0. L&#039;impresa edile offre un&#039;ampia scelta di diverse finiture.<\/p>\n<p>Tutte le unit\u00e0 sono dotate di ampi terrazzi, gli attici ne hanno uno in pi\u00f9 <strong>solarium<\/strong>. Le aree comuni di Libella sono costituite da giardini paesaggistici, una bellissima piscina con vista sul mare, una spa e un club sociale. Inoltre, tutte le unit\u00e0 hanno il proprio parcheggio e ripostiglio.<br \/>\nLa consegna di Libella \u00e8 prevista per il quarto trimestre del 2025. Se desideri informazioni pi\u00f9 specifiche su questo nuovo progetto di costruzione sul Nuovo Miglio d&#039;Oro a Estepona e sulle disponibilit\u00e0, o se desideri programmare una visita (virtuale), non esitare contattarci per prendere.<\/p>\n<p><strong>LIBELLA \u2013 elegante, moderna e di altissima qualit\u00e0<\/strong><\/p>\n<p><b>Grandi terrazze<\/b><span style=\"font-weight: 400;\"> di cui puoi goderti tutto l&#039;anno. Situato per godersi il sole andaluso tutto l&#039;anno e con viste che hai sempre sognato.<\/span><\/p>\n<p><span style=\"font-weight: 400;\">Bellissimo paesaggistico <\/span><b>giardini verdi<\/b><span style=\"font-weight: 400;\"> con specie autoctone facili <\/span><span style=\"font-weight: 400;\">mantenute e richiedono meno acqua.\u00a0<\/span><\/p>\n<p><span style=\"font-weight: 400;\">Il diverso <\/span><b>opzioni di pavimento disponibili<\/b><span style=\"font-weight: 400;\"> significa che potrai arredare interamente la tua casa secondo il gusto che pi\u00f9 ti si addice. Pavimenti con possibilit\u00e0 di scelta tra vari colori caldi, diversi formati, ecc.<\/span><\/p>\n<p><span style=\"font-weight: 400;\">Un comune, spettacolare <\/span><b>piscina all&#039;aperto<\/b><span style=\"font-weight: 400;\">, cos\u00ec potrai rilassarti a fine giornata e goderti una nuotata rinfrescante in tutta tranquillit\u00e0 <\/span><span style=\"font-weight: 400;\">immerso nella natura.<\/span><\/p>\n<p><span style=\"font-weight: 400;\">In qualit\u00e0 di proprietario della casa, sei membro del <\/span><b>Circolo sociale australiano<\/b><span style=\"font-weight: 400;\"> con palestra, sauna e piscina riscaldata, il tutto accessibile tutto l&#039;anno. In forma ed energico per tutto il giorno.\u00a0<\/span><\/p>\n<p><span style=\"font-weight: 400;\">Costruito in modo sostenibile con <\/span><b>materiali innovativi ed avanzati<\/b><span style=\"font-weight: 400;\"> che garantiscono calore <\/span><span style=\"font-weight: 400;\">e un buon isolamento acustico in tutta la casa. IL <\/span><b>riscaldamento a pavimento<\/b><span style=\"font-weight: 400;\"> per comodit\u00e0\u00a0<\/span><span style=\"font-weight: 400;\">sia in inverno che in estate.<\/span><\/p>\n<p><span style=\"font-weight: 400;\">L&#039;ingresso, il soggiorno, le camere da letto ed i corridoi sono predisposti <\/span><b>pavimenti in gres porcellanato<\/b><span style=\"font-weight: 400;\">. Il pavimento \u00e8 rifinito con un battiscopa bianco che si abbina agli infissi interni delle porte e delle finestre, mentre le pareti sono rifinite con vernice plastica liscia. Ovunque controsoffitti rifiniti con vernice plastica.<\/span><\/p>\n<p><span style=\"font-weight: 400;\">IL <\/span><b>cucina di lusso<\/b><span style=\"font-weight: 400;\"> viene fornito completo;<\/span><\/p>\n<ul>\n<li style=\"font-weight: 400;\" aria-level=\"1\"><span style=\"font-weight: 400;\">pavimenti in gres porcellanato con pareti in vernice plastica liscia su cartongesso.<\/span><\/li>\n<li style=\"font-weight: 400;\" aria-level=\"1\"><span style=\"font-weight: 400;\">controsoffitto con vernice plastica liscia.<\/span><\/li>\n<li style=\"font-weight: 400;\" aria-level=\"1\"><span style=\"font-weight: 400;\">consegnato completamente attrezzato in un design moderno con armadi alti e bassi.<\/span><\/li>\n<li style=\"font-weight: 400;\" aria-level=\"1\"><span style=\"font-weight: 400;\">piani cottura in vetroceramica su un&#039;isola da cucina<\/span><\/li>\n<li style=\"font-weight: 400;\" aria-level=\"1\"><span style=\"font-weight: 400;\">cappa aspirante a soffitto.<\/span><\/li>\n<li style=\"font-weight: 400;\" aria-level=\"1\"><span style=\"font-weight: 400;\">forno elettrico e colonna microonde.<\/span><\/li>\n<li style=\"font-weight: 400;\" aria-level=\"1\"><span style=\"font-weight: 400;\">lavastoviglie da incasso.<\/span><\/li>\n<li style=\"font-weight: 400;\" aria-level=\"1\"><span style=\"font-weight: 400;\">frigorifero da incasso.<\/span><\/li>\n<li style=\"font-weight: 400;\" aria-level=\"1\"><span style=\"font-weight: 400;\">asciugatrice.<\/span><\/li>\n<li style=\"font-weight: 400;\" aria-level=\"1\"><span style=\"font-weight: 400;\">piano di lavoro e parete posteriore.<\/span><\/li>\n<li style=\"font-weight: 400;\" aria-level=\"1\"><span style=\"font-weight: 400;\">lavello con miscelatore.<\/span><\/li>\n<\/ul>\n<p><span style=\"font-weight: 400;\">IL <\/span><b>terrazzi e verande<\/b><span style=\"font-weight: 400;\"> avere piastrelle in ceramica antiscivolo con battiscopa al loro interno <\/span><span style=\"font-weight: 400;\">lo stesso materiale nelle zone richieste. Tutte le terrazze avranno uno scarico dell&#039;acqua e\u00a0<\/span><span style=\"font-weight: 400;\">drenaggio. Sono dotati di illuminazione, prese di corrente e attacco per antenna TV.\u00a0<\/span><span style=\"font-weight: 400;\">Gli attici sono dotati di un ampio solarium.<\/span><\/p>\n<p><span style=\"font-weight: 400;\">IL <\/span><b>bagni<\/b><span style=\"font-weight: 400;\"> sono rifiniti con piastrelle ceramiche in abbinamento <\/span><span style=\"font-weight: 400;\">con il pavimento in gres porcellanato. I controsoffitti sono rifiniti con vernice plastica. E&#039; installato un impianto di climatizzazione. Miscelatori in entrambi i bagni, piatto doccia in resina, parete doccia e sanitari bianchi dal design moderno. Il bagno principale ha un lavabo in ceramica con mobile base e ripiano.<\/span><\/p>\n<p><span style=\"font-weight: 400;\">L&#039;ingresso principale fortificato della casa \u00e8 dotato di spioncino. Le porte interne dell&#039;immobile da 220 cm avranno una finitura laccata bianca e maniglie cromate, conferendo alla casa un aspetto moderno ed elegante. Generalmente le porte saranno a battente, salvo i casi in cui siano consigliabili le porte scorrevoli per una migliore fruizione dei locali a cui danno accesso.<\/span><\/p>\n<p><span style=\"font-weight: 400;\">IL <\/span><b>impianto sanitario<\/b><span style=\"font-weight: 400;\"> comprende gli ingressi dell&#039;acqua per ogni elettrodomestico nei bagni e in cucina (lavabo) e per gli elettrodomestici da incasso in cucina e lavanderia (lavastoviglie e\u00a0<\/span><span style=\"font-weight: 400;\">lavatrice). La tua casa dispone di una valvola di intercettazione generale e di valvole di intercettazione indipendenti in ogni stanza umida. Tutte le case ricevono acqua calda attraverso a <\/span><b>scaldabagno a pompa di calore<\/b><span style=\"font-weight: 400;\"> con la massima efficienza energetica. Tutti gli impianti idraulici della casa sono collegati al sistema idrico, con pluviali in PVC installati nelle stanze sul lato dell&#039;edificio che forniscono smorzamento acustico.<\/span><\/p>\n<p><span style=\"font-weight: 400;\">Per assicurarti di godere del massimo livello di comfort e\u00a0 <\/span><span style=\"font-weight: 400;\">benessere di cui \u00e8 dotata la tua nuova casa<\/span><b> riscaldamento a pavimento\u00a0 <\/b><span style=\"font-weight: 400;\">(tranne nei bagni). Il controllo della temperatura nelle stanze principali avviene tramite termostato. La tua casa \u00e8 fornita <\/span><b>sistema di ventilazione<\/b><span style=\"font-weight: 400;\"> per garantire che l&#039;aria sia sempre fresca.\u00a0<\/span><\/p>\n<p><span style=\"font-weight: 400;\">La tua casa viene fornita di serie <\/span><b>elettricit\u00e0 e telecomunicazioni<\/b><span style=\"font-weight: 400;\"> contatti e a <\/span><b>impianto videocitofonico<\/b><span style=\"font-weight: 400;\"> che \u00e8 collegato agli ingressi dell&#039;edificio <\/span><span style=\"font-weight: 400;\">e accedere a casa tua.\u00a0<\/span><\/p>\n<p><b>Componi la tua casa secondo i tuoi gusti<\/b><\/p>\n<p><span style=\"font-weight: 400;\">Con il <\/span><b>Servizio Seleziona Residenziale<\/b><span style=\"font-weight: 400;\"> di LIBELLA puoi modificare vari aspetti a tuo piacimento.\u00a0<\/span><\/p>\n<ul>\n<li style=\"font-weight: 400;\" aria-level=\"1\"><span style=\"font-weight: 400;\">scegli tra diversi tipi di umore per soddisfare il tuo gusto personale.<\/span><\/li>\n<li style=\"font-weight: 400;\" aria-level=\"1\"><span style=\"font-weight: 400;\">possibilit\u00e0 di aggiornamento di varie funzioni e finiture<\/span><\/li>\n<li style=\"font-weight: 400;\" aria-level=\"1\"><span style=\"font-weight: 400;\">personalizza il tuo terrazzo con la possibilit\u00e0 di un solarium<\/span><\/li>\n<\/ul>\n<\/div>\n<p>&nbsp;<\/p>\n<p><strong>PREZZI <\/strong>(1\/1\/24)<\/p>\n<p>I prezzi di acquisto (IVA esclusa 10%) della prima fase e il numero di m2 sono i seguenti:<\/p>\n<ul>\n<li>Appartamenti 2 camere da letto, 2 bagni 136,45 m2 con terrazzo da 661.000 Euro<\/li>\n<li>Appartamenti 2 camere da letto, 2 bagni 153,71 m2 con terrazza da 625.900 Euro<\/li>\n<li>Appartamenti 2 camere da letto, 2 bagni 175,82 m2 con terrazza da 682.100 Euro<\/li>\n<li>Appartamenti 3 camere da letto, 2 bagni 364,75 m2 con terrazzo da 1.306.000 Euro<\/li>\n<\/ul>\n<p><a href=\"https:\/\/libella-estepona.com\/it\/contatto\/\"><strong>Richiedi disponibilit\u00e0 e prezzi attuali &gt;&gt;&gt;<\/strong><\/a><\/p>\n<div class=\"\">\n<p>&nbsp;<\/p>\n<p><b>APPUNTAMENTO TOUR VIRTUALE<\/b><\/p>\n<p><span style=\"font-weight: 400;\">Scopri tutte le possibilit\u00e0 di LIBELLA ESTEPONA e fissa un appuntamento online per un tour virtuale personale. Comodamente da casa tua, potrai passeggiare per le stanze insieme ad un nostro consulente e ricevere una spiegazione dettagliata di tutti gli aspetti e le risposte a tutte le tue domande. hai tutte le tue domande. In questo modo saprete subito se questa \u00e8 la casa dei vostri sogni e potrete anche optare per la casa che pi\u00f9 vi interessa tramite prenotazione.\u00a0\u00a0<\/span><\/p>\n<p><strong>Hai una domanda specifica o vuoi fissare un appuntamento per un tour virtuale? Chiama Ron de Vries al +34 677 67 04 80<\/strong><\/p>\n<p><a href=\"https:\/\/libella-estepona.com\/it\/maggiori-informazioni\/\"><b>Richiedi un pacchetto informativo con brochure, immobili disponibili e prezzi &gt;<\/b><\/a><\/p>\n<\/div>\n\n\t\t<\/div>\n\t<\/div>\n\n\t\t<\/div>\n\t<\/div>\n\t<\/div>\n\n<\/div>\n<\/div>\n\n<div  class=\"content_row row page-content vc_row wpb_row  default-style fullwidth\" style=\"background-color: #bbac8c;\">\n\t\n\t<div class=\"content_row_wrapper  default\" >\n\t<div id=\"asdasd\" class=\"vc_col-sm-12 wpb_column vc_column_container\" >\n\t<div class=\"vc_column-inner\">\n\t\t<div class=\"wpb_wrapper\" >\n\t\t\t<div class=\"rt_heading_wrapper no-style\">\n\t\t\t\t\t\t<h1 class=\"rt_heading  no-style\"  style=\"font-size:24px;margin-top:24px;margin-bottom:0px;\">Caratteristiche - <span class=\"after_h1 white\">Libella Estepona<\/span><\/h1> \n\t\t\t\t\t<\/div><div class=\"vc_empty_space\"   style=\"height: 32px\"><span class=\"vc_empty_space_inner\"><\/span><\/div><div class=\"vc_separator wpb_content_element vc_separator_align_center vc_sep_width_100 vc_sep_style-4 vc_sep_pos_align_center vc_separator_no_text vc_sep_color_grey\" ><span class=\"vc_sep_holder vc_sep_holder_l\"><span class=\"vc_sep_line\"><\/span><\/span><span class=\"vc_sep_holder vc_sep_holder_r\"><span class=\"vc_sep_line\"><\/span><\/span>\n<\/div>\n\t<div class=\"wpb_text_column wpb_content_element\" >\n\t\t<div class=\"wpb_wrapper\">\n\t\t\t\t \n\t\t<div  class=\"bullet-list style-1  check\">\n\t\t<ul>\n<li>appartamenti e attici<\/li>\n<li>2 e 3 camere da letto<\/li>\n<li>incredibile vista sul parco e sul mare<\/li>\n<li>rifiniture con materiali di alta qualit\u00e0<\/li>\n<li>ampi terrazzi<\/li>\n<li>prezzi a partire da \u20ac 831.000<\/li>\n<\/ul>\n\n\t\t<\/div>\n\t\n\n\t\t<\/div>\n\t<\/div>\n\n\t\t<\/div>\n\t<\/div>\n\t<\/div>\n\n<\/div>\n<\/div>\n\n<div  class=\"content_row row quote-row vc_row wpb_row  default-style fullwidth\" style=\"background-color: #fcfcfc;\">\n\t\n\t<div class=\"content_row_wrapper  fullwidth\" >\n\t<div id=\"asdasd\" class=\"vc_col-sm-12 wpb_column vc_column_container vc_custom_1644925648982\" >\n\t<div class=\"vc_column-inner\">\n\t\t<div class=\"wpb_wrapper\" >\n\t\t\t<div class=\"rt_heading_wrapper style-3\">\n\t\t\t\t\t\t<h4 class=\"rt_heading serif quote-max-width style-3\" >Pacchetto informativo Med Hills <a href=\"https:\/\/new.minisites.casadelmar.nl\/meer-informatie\/\"> Richiedi la brochure e il listino prezzi aggiornato <\/a><\/h4> \n\t\t\t\t\t<\/div>\n\t\t<\/div>\n\t<\/div>\n\t<\/div>\n\n<\/div>\n<\/div>\n\n<div  class=\"content_row row vc_row wpb_row  default-style fullwidth\" >\n\t\n\t<div class=\"content_row_wrapper  default\" >\n\t<div id=\"asdasd\" class=\"vc_col-sm-12 wpb_column vc_column_container\" >\n\t<div class=\"vc_column-inner\">\n\t\t<div class=\"wpb_wrapper\" >\n\t\t\t<div class=\"button_wrapper aligncenter\"><a  href=\"\/it\/maggiori-informazioni\/\" target=\"_self\" title=\"&gt; maggiori informazioni\" class=\"button_  style-2 small\">&gt; maggiori informazioni<\/a><\/div>\n\t<div class=\"wpb_video_widget wpb_content_element vc_clearfix   vc_video-aspect-ratio-235 vc_video-el-width-100 vc_video-align-center\" >\n\t\t<div class=\"wpb_wrapper\">\n\t\t\t\n\t\t\t<div class=\"wpb_video_wrapper\"><div class=\"video-container\"><iframe title=\"LIBELLA - nuova costruzione Estepona - Costa del Sol\" width=\"1060\" height=\"596\" src=\"https:\/\/www.youtube.com\/embed\/TOvd16iIwbc?feature=oembed\" frameborder=\"0\" allow=\"accelerometer; autoplay; clipboard-write; encrypted-media; gyroscope; picture-in-picture; web-share\" referrerpolicy=\"strict-origin-when-cross-origin\" allowfullscreen><\/iframe><\/div><\/div>\n\t\t<\/div>\n\t<\/div>\n\n\t\t<\/div>\n\t<\/div>\n\t<\/div>\n\n<\/div>\n<\/div>\n<\/section>","protected":false},"excerpt":{"rendered":"<p>\u2026 <a class=\"more-link\" href=\"https:\/\/libella-estepona.com\/it\/il-complesso\/\">Continua a leggere<\/a><\/p>","protected":false},"author":1,"featured_media":4231,"parent":0,"menu_order":3,"comment_status":"closed","ping_status":"closed","template":"","meta":{"footnotes":""},"class_list":["post-95","page","type-page","status-publish","has-post-thumbnail","hentry"],"yoast_head":"<!-- This site is optimized with the Yoast SEO plugin v26.0 - https:\/\/yoast.com\/wordpress\/plugins\/seo\/ -->\n<title>Libella - Estepona - Libella Estepona<\/title>\n<meta name=\"robots\" content=\"index, follow, max-snippet:-1, max-image-preview:large, max-video-preview:-1\" \/>\n<link rel=\"canonical\" href=\"https:\/\/libella-estepona.com\/it\/il-complesso\/\" \/>\n<meta property=\"og:locale\" content=\"it_IT\" \/>\n<meta property=\"og:type\" content=\"article\" \/>\n<meta property=\"og:title\" content=\"Libella - Estepona - Libella Estepona\" \/>\n<meta property=\"og:url\" content=\"https:\/\/libella-estepona.com\/it\/il-complesso\/\" \/>\n<meta property=\"og:site_name\" content=\"Libella Estepona\" \/>\n<meta property=\"article:modified_time\" content=\"2024-02-01T12:32:47+00:00\" \/>\n<meta property=\"og:image\" content=\"https:\/\/libella-estepona.com\/wp-content\/uploads\/sites\/15\/2023\/02\/Outside-scaled.jpg\" \/>\n\t<meta property=\"og:image:width\" content=\"2560\" \/>\n\t<meta property=\"og:image:height\" content=\"1280\" \/>\n\t<meta property=\"og:image:type\" content=\"image\/jpeg\" \/>\n<meta name=\"twitter:card\" content=\"summary_large_image\" \/>\n<meta name=\"twitter:label1\" content=\"Tempo di lettura stimato\" \/>\n\t<meta name=\"twitter:data1\" content=\"8 minuti\" \/>\n<script type=\"application\/ld+json\" class=\"yoast-schema-graph\">{\"@context\":\"https:\/\/schema.org\",\"@graph\":[{\"@type\":\"WebPage\",\"@id\":\"https:\/\/libella-estepona.com\/het-complex\/\",\"url\":\"https:\/\/libella-estepona.com\/het-complex\/\",\"name\":\"Libella - Estepona - Libella Estepona\",\"isPartOf\":{\"@id\":\"https:\/\/libella-estepona.com\/#website\"},\"primaryImageOfPage\":{\"@id\":\"https:\/\/libella-estepona.com\/het-complex\/#primaryimage\"},\"image\":{\"@id\":\"https:\/\/libella-estepona.com\/het-complex\/#primaryimage\"},\"thumbnailUrl\":\"https:\/\/libella-estepona.com\/wp-content\/uploads\/sites\/15\/2023\/02\/Outside-scaled.jpg\",\"datePublished\":\"2022-01-27T10:58:29+00:00\",\"dateModified\":\"2024-02-01T12:32:47+00:00\",\"breadcrumb\":{\"@id\":\"https:\/\/libella-estepona.com\/het-complex\/#breadcrumb\"},\"inLanguage\":\"it-IT\",\"potentialAction\":[{\"@type\":\"ReadAction\",\"target\":[\"https:\/\/libella-estepona.com\/het-complex\/\"]}]},{\"@type\":\"ImageObject\",\"inLanguage\":\"it-IT\",\"@id\":\"https:\/\/libella-estepona.com\/het-complex\/#primaryimage\",\"url\":\"https:\/\/libella-estepona.com\/wp-content\/uploads\/sites\/15\/2023\/02\/Outside-scaled.jpg\",\"contentUrl\":\"https:\/\/libella-estepona.com\/wp-content\/uploads\/sites\/15\/2023\/02\/Outside-scaled.jpg\",\"width\":2560,\"height\":1280},{\"@type\":\"BreadcrumbList\",\"@id\":\"https:\/\/libella-estepona.com\/het-complex\/#breadcrumb\",\"itemListElement\":[{\"@type\":\"ListItem\",\"position\":1,\"name\":\"Home\",\"item\":\"https:\/\/libella-estepona.com\/\"},{\"@type\":\"ListItem\",\"position\":2,\"name\":\"Libella &#8211; Estepona\"}]},{\"@type\":\"WebSite\",\"@id\":\"https:\/\/libella-estepona.com\/#website\",\"url\":\"https:\/\/libella-estepona.com\/\",\"name\":\"Libella Estepona\",\"description\":\"\",\"potentialAction\":[{\"@type\":\"SearchAction\",\"target\":{\"@type\":\"EntryPoint\",\"urlTemplate\":\"https:\/\/libella-estepona.com\/?s={search_term_string}\"},\"query-input\":{\"@type\":\"PropertyValueSpecification\",\"valueRequired\":true,\"valueName\":\"search_term_string\"}}],\"inLanguage\":\"it-IT\"}]}<\/script>\n<!-- \/ Yoast SEO plugin. -->","yoast_head_json":{"title":"Libella - Estepona - Libella Estepona","robots":{"index":"index","follow":"follow","max-snippet":"max-snippet:-1","max-image-preview":"max-image-preview:large","max-video-preview":"max-video-preview:-1"},"canonical":"https:\/\/libella-estepona.com\/it\/il-complesso\/","og_locale":"it_IT","og_type":"article","og_title":"Libella - Estepona - Libella Estepona","og_url":"https:\/\/libella-estepona.com\/it\/il-complesso\/","og_site_name":"Libella Estepona","article_modified_time":"2024-02-01T12:32:47+00:00","og_image":[{"width":2560,"height":1280,"url":"https:\/\/libella-estepona.com\/wp-content\/uploads\/sites\/15\/2023\/02\/Outside-scaled.jpg","type":"image\/jpeg"}],"twitter_card":"summary_large_image","twitter_misc":{"Tempo di lettura stimato":"8 minuti"},"schema":{"@context":"https:\/\/schema.org","@graph":[{"@type":"WebPage","@id":"https:\/\/libella-estepona.com\/het-complex\/","url":"https:\/\/libella-estepona.com\/het-complex\/","name":"Libella - Estepona - Libella Estepona","isPartOf":{"@id":"https:\/\/libella-estepona.com\/#website"},"primaryImageOfPage":{"@id":"https:\/\/libella-estepona.com\/het-complex\/#primaryimage"},"image":{"@id":"https:\/\/libella-estepona.com\/het-complex\/#primaryimage"},"thumbnailUrl":"https:\/\/libella-estepona.com\/wp-content\/uploads\/sites\/15\/2023\/02\/Outside-scaled.jpg","datePublished":"2022-01-27T10:58:29+00:00","dateModified":"2024-02-01T12:32:47+00:00","breadcrumb":{"@id":"https:\/\/libella-estepona.com\/het-complex\/#breadcrumb"},"inLanguage":"it-IT","potentialAction":[{"@type":"ReadAction","target":["https:\/\/libella-estepona.com\/het-complex\/"]}]},{"@type":"ImageObject","inLanguage":"it-IT","@id":"https:\/\/libella-estepona.com\/het-complex\/#primaryimage","url":"https:\/\/libella-estepona.com\/wp-content\/uploads\/sites\/15\/2023\/02\/Outside-scaled.jpg","contentUrl":"https:\/\/libella-estepona.com\/wp-content\/uploads\/sites\/15\/2023\/02\/Outside-scaled.jpg","width":2560,"height":1280},{"@type":"BreadcrumbList","@id":"https:\/\/libella-estepona.com\/het-complex\/#breadcrumb","itemListElement":[{"@type":"ListItem","position":1,"name":"Home","item":"https:\/\/libella-estepona.com\/"},{"@type":"ListItem","position":2,"name":"Libella &#8211; Estepona"}]},{"@type":"WebSite","@id":"https:\/\/libella-estepona.com\/#website","url":"https:\/\/libella-estepona.com\/","name":"Libella Estepona","description":"","potentialAction":[{"@type":"SearchAction","target":{"@type":"EntryPoint","urlTemplate":"https:\/\/libella-estepona.com\/?s={search_term_string}"},"query-input":{"@type":"PropertyValueSpecification","valueRequired":true,"valueName":"search_term_string"}}],"inLanguage":"it-IT"}]}},"_links":{"self":[{"href":"https:\/\/libella-estepona.com\/it\/wp-json\/wp\/v2\/pages\/95","targetHints":{"allow":["GET"]}}],"collection":[{"href":"https:\/\/libella-estepona.com\/it\/wp-json\/wp\/v2\/pages"}],"about":[{"href":"https:\/\/libella-estepona.com\/it\/wp-json\/wp\/v2\/types\/page"}],"author":[{"embeddable":true,"href":"https:\/\/libella-estepona.com\/it\/wp-json\/wp\/v2\/users\/1"}],"replies":[{"embeddable":true,"href":"https:\/\/libella-estepona.com\/it\/wp-json\/wp\/v2\/comments?post=95"}],"version-history":[{"count":60,"href":"https:\/\/libella-estepona.com\/it\/wp-json\/wp\/v2\/pages\/95\/revisions"}],"predecessor-version":[{"id":4301,"href":"https:\/\/libella-estepona.com\/it\/wp-json\/wp\/v2\/pages\/95\/revisions\/4301"}],"wp:featuredmedia":[{"embeddable":true,"href":"https:\/\/libella-estepona.com\/it\/wp-json\/wp\/v2\/media\/4231"}],"wp:attachment":[{"href":"https:\/\/libella-estepona.com\/it\/wp-json\/wp\/v2\/media?parent=95"}],"curies":[{"name":"wp","href":"https:\/\/api.w.org\/{rel}","templated":true}]}}