{"id":95,"date":"2022-01-27T10:58:29","date_gmt":"2022-01-27T10:58:29","guid":{"rendered":"http:\/\/cognito.mprinsdesign.nl\/?page_id=95"},"modified":"2024-02-01T12:32:47","modified_gmt":"2024-02-01T12:32:47","slug":"der-komplex","status":"publish","type":"page","link":"https:\/\/libella-estepona.com\/de\/der-komplex\/","title":{"rendered":"Libella\u2013Estepona"},"content":{"rendered":"<section class=\"wpb-content-wrapper\"><div  class=\"content_row row page-content vc_row wpb_row  default-style fullwidth\" >\n\t\n\t<div class=\"content_row_wrapper  default\" >\n\t<div id=\"asdasd\" class=\"vc_col-sm-12 wpb_column vc_column_container\" >\n\t<div class=\"vc_column-inner\">\n\t\t<div class=\"wpb_wrapper\" >\n\t\t\t<div class=\"rt_heading_wrapper no-style\">\n\t\t\t\t\t\t<h1 class=\"rt_heading  no-style\"  style=\"font-size:24px;margin-top:24px;margin-bottom:0px;\">Libella Estepona \u2013 <span class=\"after_h1\">Neubau mit Meerblick und neben der Natur des Selwo Parks<\/span><\/h1> \n\t\t\t\t\t<\/div><div class=\"vc_empty_space\"   style=\"height: 32px\"><span class=\"vc_empty_space_inner\"><\/span><\/div><div class=\"vc_separator wpb_content_element vc_separator_align_center vc_sep_width_100 vc_sep_style-4 vc_sep_pos_align_center vc_separator_no_text vc_sep_color_grey\" ><span class=\"vc_sep_holder vc_sep_holder_l\"><span class=\"vc_sep_line\"><\/span><\/span><span class=\"vc_sep_holder vc_sep_holder_r\"><span class=\"vc_sep_line\"><\/span><\/span>\n<\/div><div class=\"vc_empty_space\"   style=\"height: 32px\"><span class=\"vc_empty_space_inner\"><\/span><\/div>\n\t<div class=\"wpb_text_column wpb_content_element\" >\n\t\t<div class=\"wpb_wrapper\">\n\t\t\t<div class=\"\">\n<p><strong>LIBELLA \u2013 Leben zwischen dem blauen Himmel und dem Blau des Mittelmeers<\/strong><\/p>\n<p><span style=\"font-weight: 400;\">Libella, Ihr neues Zuhause in Estepona, gelegen auf einem sanften H\u00fcgel <\/span><span style=\"font-weight: 400;\">mit wundersch\u00f6nem Blick \u00fcber das Meer und das Tal.\u00a0<\/span><span style=\"font-weight: 400;\">Der Name \u201eLibella\u201c bezieht sich auf die Form einer Libelle. Der Komplex befindet sich auf einem Grundst\u00fcck, das seine Fl\u00fcgel auszubreiten scheint, um \u00fcber die Costa del Sol zu fliegen.\u00a0 <\/span><span style=\"font-weight: 400;\">LIBELLA ist von Gr\u00fcnfl\u00e4chen umgeben, neben dem Themenpark Selwo Aventura und nicht weit vom Golfclub La Resina und nur einen Steinwurf vom Strand entfernt.<\/span><\/p>\n<p><span style=\"font-weight: 400;\">Die LIBELLA-H\u00e4user verf\u00fcgen \u00fcber zwei oder drei Schlafzimmer und k\u00f6nnen Ihren W\u00fcnschen angepasst werden. Estepona ist einer der begehrtesten Orte in der Provinz M\u00e1laga. Die neue \u201eGoldene Meile\u201c der Costa del Sol bietet ein tolles Klima und wundersch\u00f6ne Str\u00e4nde. LIBELLA ist die perfekte Kombination zwischen dem Leben inmitten der Natur und dem Komfort, nur einen Steinwurf von allem entfernt zu sein, was Estepona zu bieten hat. Darunter gro\u00dfartige Annehmlichkeiten in den Bereichen Bildung, Shopping und Freizeit, mit Angeboten f\u00fcr jeden Geschmack.\u00a0<\/span><\/p>\n<p>Libella besteht insgesamt aus <strong>67 Wohnungen und Penth\u00e4user<\/strong> mit 2 und 3 Schlafzimmern (26 Einheiten in Phase I und 41 in Phase II). Je nach Typ sind einige H\u00e4user auch mit einem privaten Swimmingpool oder Whirlpool ausgestattet.<\/p>\n<p>Libella liegt im n\u00f6rdlichen Teil von <strong>Park Selwo<\/strong>, eine gr\u00fcne Enklave im Dreieck der Gemeinden Estepona, Marbella und Benahav\u00eds. Es ist eine Stunde vom Flughafen Malaga und 25 Minuten von Marbella entfernt. Das Projekt verf\u00fcgt au\u00dferdem \u00fcber eine Anbindung an die A-7, sodass es nur 10 Minuten vom Stadtzentrum von Estepona und dem Strand entfernt ist. Alle 26 zum Verkauf stehenden Wohnungen und Penth\u00e4user in der ersten Phase von Libella sind nach S\u00fcdosten ausgerichtet und bieten einen unglaublichen Blick \u00fcber die Natur des Parks und das Meer.<\/p>\n<p><img fetchpriority=\"high\" decoding=\"async\" class=\"alignnone wp-image-4279 size-full\" src=\"https:\/\/libella-estepona.com\/wp-content\/uploads\/sites\/15\/2023\/02\/Libella-location.jpg\" alt=\"Standort Libella Estepona\" width=\"953\" height=\"621\" srcset=\"https:\/\/libella-estepona.com\/wp-content\/uploads\/sites\/15\/2023\/02\/Libella-location.jpg 953w, https:\/\/libella-estepona.com\/wp-content\/uploads\/sites\/15\/2023\/02\/Libella-location-300x195.jpg 300w, https:\/\/libella-estepona.com\/wp-content\/uploads\/sites\/15\/2023\/02\/Libella-location-768x500.jpg 768w, https:\/\/libella-estepona.com\/wp-content\/uploads\/sites\/15\/2023\/02\/Libella-location-18x12.jpg 18w\" sizes=\"(max-width: 953px) 100vw, 953px\" \/><\/p>\n<p>Sie verf\u00fcgen \u00fcber eine Fu\u00dfbodenheizung und sind mit modernsten, hochwertigen Materialien ausgestattet und verarbeitet. Das Bauunternehmen bietet eine gro\u00dfe Auswahl an verschiedenen Ausf\u00fchrungen.<\/p>\n<p>Alle Einheiten verf\u00fcgen \u00fcber gro\u00dfe Terrassen, die Penth\u00e4user verf\u00fcgen \u00fcber eine weitere <strong>Solarium<\/strong>. Die Gemeinschaftsbereiche von Libella bestehen aus angelegten G\u00e4rten, einem sch\u00f6nen Swimmingpool mit Meerblick, einem Spa und einem Social Club. Dar\u00fcber hinaus verf\u00fcgen alle Einheiten \u00fcber einen eigenen Parkplatz und Abstellraum.<br \/>\nDie Lieferung von Libella ist f\u00fcr das vierte Quartal 2025 geplant. Wenn Sie genauere Informationen zu diesem neuen Bauprojekt an der Neuen Goldenen Meile in Estepona und den Verf\u00fcgbarkeiten w\u00fcnschen oder einen (virtuellen) Besichtigungstermin vereinbaren m\u00f6chten, z\u00f6gern Sie bitte nicht um mit uns Kontakt aufzunehmen.<\/p>\n<p><strong>LIBELLA \u2013 elegant, modern und von h\u00f6chster Qualit\u00e4t<\/strong><\/p>\n<p><b>Gro\u00dfe Terrassen<\/b><span style=\"font-weight: 400;\"> das Sie das ganze Jahr \u00fcber genie\u00dfen k\u00f6nnen. Hier k\u00f6nnen Sie das ganze Jahr \u00fcber die andalusische Sonne genie\u00dfen und haben Ausblicke, von denen Sie schon immer getr\u00e4umt haben.<\/span><\/p>\n<p><span style=\"font-weight: 400;\">Wundersch\u00f6n angelegt <\/span><b>gr\u00fcne G\u00e4rten<\/b><span style=\"font-weight: 400;\"> mit einheimischen Arten, die einfach sind <\/span><span style=\"font-weight: 400;\">gepflegt und ben\u00f6tigen weniger Wasser.\u00a0<\/span><\/p>\n<p><span style=\"font-weight: 400;\">Der Unterschied <\/span><b>Verf\u00fcgbare Bodenoptionen<\/b><span style=\"font-weight: 400;\"> So k\u00f6nnen Sie Ihr Zuhause ganz nach Ihrem Geschmack einrichten. B\u00f6den mit verschiedenen warmen Farben, verschiedenen Gr\u00f6\u00dfen usw. zur Auswahl.<\/span><\/p>\n<p><span style=\"font-weight: 400;\">Ein gew\u00f6hnliches, spektakul\u00e4res <\/span><b>Aussen Pool<\/b><span style=\"font-weight: 400;\">So k\u00f6nnen Sie am Ende des Tages entspannen und in aller Ruhe ein erfrischendes Bad genie\u00dfen <\/span><span style=\"font-weight: 400;\">umgeben von Natur.<\/span><\/p>\n<p><span style=\"font-weight: 400;\">Als Eigent\u00fcmer des Hauses sind Sie Mitglied im <\/span><b>Australien-Social-Club<\/b><span style=\"font-weight: 400;\"> mit Fitnessraum, Sauna und beheiztem Pool, alles ganzj\u00e4hrig zug\u00e4nglich. Den ganzen Tag fit und voller Energie.\u00a0<\/span><\/p>\n<p><span style=\"font-weight: 400;\">Nachhaltig gebaut mit <\/span><b>innovative und fortschrittliche Materialien<\/b><span style=\"font-weight: 400;\"> die W\u00e4rme garantieren <\/span><span style=\"font-weight: 400;\">und eine gute Schalld\u00e4mmung im gesamten Haus. Der <\/span><b>Fu\u00dfbodenheizung<\/b><span style=\"font-weight: 400;\"> F\u00fcr Komfort\u00a0<\/span><span style=\"font-weight: 400;\">sowohl im Winter als auch im Sommer.<\/span><\/p>\n<p><span style=\"font-weight: 400;\">Der Eingang, das Wohnzimmer, die Schlafzimmer und die Flure sind mit verlegt <\/span><b>Bodenfliesen aus Porzellan und Keramik<\/b><span style=\"font-weight: 400;\">. Der Boden ist mit einer wei\u00dfen Fu\u00dfleiste versehen, die zu den Innent\u00fcr- und Fensterrahmen passt. Die W\u00e4nde sind mit glatter Kunststofffarbe versehen. \u00dcberall Zwischendecken mit Kunststofffarbe lackiert.<\/span><\/p>\n<p><span style=\"font-weight: 400;\">Der <\/span><b>Luxusk\u00fcche<\/b><span style=\"font-weight: 400;\"> wird komplett geliefert;<\/span><\/p>\n<ul>\n<li style=\"font-weight: 400;\" aria-level=\"1\"><span style=\"font-weight: 400;\">Porzellan-Keramik-Bodenfliesen mit W\u00e4nden aus glatter Kunststofffarbe \u00fcber Trockenbau.<\/span><\/li>\n<li style=\"font-weight: 400;\" aria-level=\"1\"><span style=\"font-weight: 400;\">abgeh\u00e4ngte Decke mit glatter Kunststofffarbe.<\/span><\/li>\n<li style=\"font-weight: 400;\" aria-level=\"1\"><span style=\"font-weight: 400;\">Lieferung komplett ausgestattet in modernem Design mit Hoch- und Tiefschr\u00e4nken.<\/span><\/li>\n<li style=\"font-weight: 400;\" aria-level=\"1\"><span style=\"font-weight: 400;\">Cerankochfelder auf einer K\u00fccheninsel<\/span><\/li>\n<li style=\"font-weight: 400;\" aria-level=\"1\"><span style=\"font-weight: 400;\">Deckenabzugshaube.<\/span><\/li>\n<li style=\"font-weight: 400;\" aria-level=\"1\"><span style=\"font-weight: 400;\">Elektroherd und Mikrowellens\u00e4ule.<\/span><\/li>\n<li style=\"font-weight: 400;\" aria-level=\"1\"><span style=\"font-weight: 400;\">Einbau-Geschirrsp\u00fcler.<\/span><\/li>\n<li style=\"font-weight: 400;\" aria-level=\"1\"><span style=\"font-weight: 400;\">eingebauter K\u00fchlschrank.<\/span><\/li>\n<li style=\"font-weight: 400;\" aria-level=\"1\"><span style=\"font-weight: 400;\">W\u00e4schetrockner.<\/span><\/li>\n<li style=\"font-weight: 400;\" aria-level=\"1\"><span style=\"font-weight: 400;\">Arbeitsplatte und R\u00fcckwand.<\/span><\/li>\n<li style=\"font-weight: 400;\" aria-level=\"1\"><span style=\"font-weight: 400;\">Waschbecken mit Mischbatterie.<\/span><\/li>\n<\/ul>\n<p><span style=\"font-weight: 400;\">Der <\/span><b>Terrassen und Veranden<\/b><span style=\"font-weight: 400;\"> verf\u00fcgen \u00fcber rutschfeste Keramikfliesen mit Sockelleisten <\/span><span style=\"font-weight: 400;\">das gleiche Material in den erforderlichen Bereichen. Alle Terrassen werden \u00fcber einen Wasserabfluss verf\u00fcgen\u00a0<\/span><span style=\"font-weight: 400;\">Drainage. Sie sind mit Beleuchtung, Steckdosen und einem TV-Antennenanschluss ausgestattet.\u00a0<\/span><span style=\"font-weight: 400;\">Penth\u00e4user verf\u00fcgen \u00fcber ein gro\u00dfes Solarium.<\/span><\/p>\n<p><span style=\"font-weight: 400;\">Der <\/span><b>Badezimmer<\/b><span style=\"font-weight: 400;\"> sind mit Keramikfliesen in Kombination versehen <\/span><span style=\"font-weight: 400;\">mit den Porzellan-Keramik-Bodenfliesen. Die abgeh\u00e4ngten Decken sind mit Kunststofffarbe versehen. Eine Klimaanlage ist installiert. Mischbatterien in beiden Badezimmern, Duschwanne aus Kunstharz, Duschabtrennung und wei\u00dfe Sanit\u00e4rkeramik in modernem Design. Das Hauptbadezimmer verf\u00fcgt \u00fcber ein Keramikwaschbecken mit Unterschrank und Arbeitsplatte.<\/span><\/p>\n<p><span style=\"font-weight: 400;\">Der befestigte Haupteingang des Hauses ist mit einem T\u00fcrspion ausgestattet. Die 220 cm langen Innent\u00fcren des Anwesens werden wei\u00df lackiert und mit Chromgriffen versehen sein, was dem Haus ein modernes, elegantes Aussehen verleiht. Im Allgemeinen werden T\u00fcren mit Scharnieren versehen, au\u00dfer in F\u00e4llen, in denen Schiebet\u00fcren f\u00fcr eine bessere Nutzung der R\u00e4ume, zu denen sie Zugang erm\u00f6glichen, ratsam sind.<\/span><\/p>\n<p><span style=\"font-weight: 400;\">Der <\/span><b>Sanit\u00e4rinstallation<\/b><span style=\"font-weight: 400;\"> Beinhaltet Wassereinl\u00e4sse f\u00fcr jedes Ger\u00e4t in Badezimmer und K\u00fcche (Sp\u00fcle) sowie f\u00fcr eingebaute Elektroger\u00e4te in K\u00fcche und Waschk\u00fcche (Geschirrsp\u00fcler usw.).\u00a0<\/span><span style=\"font-weight: 400;\">Waschmaschine). Ihr Zuhause verf\u00fcgt \u00fcber ein allgemeines Absperrventil und unabh\u00e4ngige Absperrventile in jedem Nassraum. Alle H\u00e4user erhalten Warmwasser \u00fcber einen <\/span><b>Warmwasserbereiter mit W\u00e4rmepumpe<\/b><span style=\"font-weight: 400;\"> mit maximaler Energieeffizienz. S\u00e4mtliche Wasserleitungen im Haus sind an das Wassernetz angeschlossen, geb\u00e4udeseitig sind in den R\u00e4umen PVC-Fallrohre verlegt, die f\u00fcr eine akustische D\u00e4mpfung sorgen.<\/span><\/p>\n<p><span style=\"font-weight: 400;\">Um sicherzustellen, dass Sie ein H\u00f6chstma\u00df an Komfort genie\u00dfen\u00a0 <\/span><span style=\"font-weight: 400;\">Wohlbefinden, mit dem Ihr neues Zuhause ausgestattet ist<\/span><b> Fu\u00dfbodenheizung\u00a0 <\/b><span style=\"font-weight: 400;\">(au\u00dfer in den Badezimmern). Die Temperaturregelung in den Hauptr\u00e4umen erfolgt \u00fcber ein Thermostat. Ihr Zuhause ist ausgestattet mit <\/span><b>Bel\u00fcftungssystem<\/b><span style=\"font-weight: 400;\"> um sicherzustellen, dass die Luft immer frisch ist.\u00a0<\/span><\/p>\n<p><span style=\"font-weight: 400;\">Ihr Zuhause ist standardm\u00e4\u00dfig ausgestattet mit <\/span><b>Strom und Telekommunikation<\/b><span style=\"font-weight: 400;\"> Kontakte sowie a <\/span><b>Video-Gegensprechanlage<\/b><span style=\"font-weight: 400;\"> das mit den Eing\u00e4ngen des Geb\u00e4udes verbunden ist <\/span><span style=\"font-weight: 400;\">und Zugang zu Ihrem Zuhause.\u00a0<\/span><\/p>\n<p><b>Stellen Sie Ihr Zuhause ganz nach Ihrem Geschmack zusammen<\/b><\/p>\n<p><span style=\"font-weight: 400;\">Mit dem <\/span><b>Residential Select-Service<\/b><span style=\"font-weight: 400;\"> Von LIBELLA k\u00f6nnen Sie verschiedene Aspekte nach Ihren W\u00fcnschen anpassen.\u00a0<\/span><\/p>\n<ul>\n<li style=\"font-weight: 400;\" aria-level=\"1\"><span style=\"font-weight: 400;\">W\u00e4hlen Sie aus verschiedenen Stimmungstypen, ganz nach Ihrem pers\u00f6nlichen Geschmack.<\/span><\/li>\n<li style=\"font-weight: 400;\" aria-level=\"1\"><span style=\"font-weight: 400;\">Upgrade verschiedener Funktionen und Ausf\u00fchrungen m\u00f6glich<\/span><\/li>\n<li style=\"font-weight: 400;\" aria-level=\"1\"><span style=\"font-weight: 400;\">Gestalten Sie Ihre Terrasse individuell mit der Option eines Solariums<\/span><\/li>\n<\/ul>\n<\/div>\n<p>&nbsp;<\/p>\n<p><strong>PREISE <\/strong>(1\/1\/24)<\/p>\n<p>Die Kaufpreise (zzgl. 10% MwSt.) der ersten Phase und die Anzahl der m2 sind wie folgt:<\/p>\n<ul>\n<li>2 Schlafzimmer, 2 Badezimmer Wohnungen 136,45 m2 mit Terrasse ab 661.000 Euro<\/li>\n<li>2 Schlafzimmer, 2 Badezimmer Wohnungen 153,71 m2 mit Terrasse ab 625.900 Euro<\/li>\n<li>2 Schlafzimmer, 2 Badezimmer Wohnungen 175,82 m2 mit Terrasse ab 682.100 Euro<\/li>\n<li>3 Schlafzimmer, 2 Badezimmer Wohnungen 364,75 m2 mit Terrasse ab 1.306.000 Euro<\/li>\n<\/ul>\n<p><a href=\"https:\/\/libella-estepona.com\/de\/kontakt\/\"><strong>Aktuelle Verf\u00fcgbarkeit und Preise anfragen &gt;&gt;&gt;<\/strong><\/a><\/p>\n<div class=\"\">\n<p>&nbsp;<\/p>\n<p><b>TERMIN VIRTUELLER RUNDGANG<\/b><\/p>\n<p><span style=\"font-weight: 400;\">Entdecken Sie alle M\u00f6glichkeiten von LIBELLA ESTEPONA und vereinbaren Sie einen Online-Termin f\u00fcr einen pers\u00f6nlichen virtuellen Rundgang. Bequem von zu Hause aus k\u00f6nnen Sie gemeinsam mit einem unserer Berater durch das Haus gehen und erhalten eine ausf\u00fchrliche Erl\u00e4uterung aller Aspekte und Antworten auf alle Ihre Fragen. Du hast alle deine Fragen. So wissen Sie schnell, ob dies Ihr Traumhaus ist und k\u00f6nnen \u00fcber eine Reservierung auch eine Option auf das f\u00fcr Sie interessanteste Haus erwerben.\u00a0\u00a0<\/span><\/p>\n<p><strong>Sie haben eine konkrete Frage oder m\u00f6chten einen Termin f\u00fcr einen virtuellen Rundgang vereinbaren? Rufen Sie Ron de Vries unter +34 677 67 04 80 an<\/strong><\/p>\n<p><a href=\"https:\/\/libella-estepona.com\/de\/mehr-informationen\/\"><b>Fordern Sie ein Informationspaket mit Brosch\u00fcre, verf\u00fcgbaren Objekten und Preisen an &gt;<\/b><\/a><\/p>\n<\/div>\n\n\t\t<\/div>\n\t<\/div>\n\n\t\t<\/div>\n\t<\/div>\n\t<\/div>\n\n<\/div>\n<\/div>\n\n<div  class=\"content_row row page-content vc_row wpb_row  default-style fullwidth\" style=\"background-color: #bbac8c;\">\n\t\n\t<div class=\"content_row_wrapper  default\" >\n\t<div id=\"asdasd\" class=\"vc_col-sm-12 wpb_column vc_column_container\" >\n\t<div class=\"vc_column-inner\">\n\t\t<div class=\"wpb_wrapper\" >\n\t\t\t<div class=\"rt_heading_wrapper no-style\">\n\t\t\t\t\t\t<h1 class=\"rt_heading  no-style\"  style=\"font-size:24px;margin-top:24px;margin-bottom:0px;\">Merkmale - <span class=\"after_h1 white\">Libella Estepona<\/span><\/h1> \n\t\t\t\t\t<\/div><div class=\"vc_empty_space\"   style=\"height: 32px\"><span class=\"vc_empty_space_inner\"><\/span><\/div><div class=\"vc_separator wpb_content_element vc_separator_align_center vc_sep_width_100 vc_sep_style-4 vc_sep_pos_align_center vc_separator_no_text vc_sep_color_grey\" ><span class=\"vc_sep_holder vc_sep_holder_l\"><span class=\"vc_sep_line\"><\/span><\/span><span class=\"vc_sep_holder vc_sep_holder_r\"><span class=\"vc_sep_line\"><\/span><\/span>\n<\/div>\n\t<div class=\"wpb_text_column wpb_content_element\" >\n\t\t<div class=\"wpb_wrapper\">\n\t\t\t\t \n\t\t<div  class=\"bullet-list style-1  check\">\n\t\t<ul>\n<li>Wohnungen und Penth\u00e4user<\/li>\n<li>2 und 3 Schlafzimmer<\/li>\n<li>unglaubliche Aussicht auf Park und Meer<\/li>\n<li>Verarbeitung mit hochwertigen Materialien<\/li>\n<li>gro\u00dfe Terrassen<\/li>\n<li>Preise ab 831.000 \u20ac<\/li>\n<\/ul>\n\n\t\t<\/div>\n\t\n\n\t\t<\/div>\n\t<\/div>\n\n\t\t<\/div>\n\t<\/div>\n\t<\/div>\n\n<\/div>\n<\/div>\n\n<div  class=\"content_row row quote-row vc_row wpb_row  default-style fullwidth\" style=\"background-color: #fcfcfc;\">\n\t\n\t<div class=\"content_row_wrapper  fullwidth\" >\n\t<div id=\"asdasd\" class=\"vc_col-sm-12 wpb_column vc_column_container vc_custom_1644925648982\" >\n\t<div class=\"vc_column-inner\">\n\t\t<div class=\"wpb_wrapper\" >\n\t\t\t<div class=\"rt_heading_wrapper style-3\">\n\t\t\t\t\t\t<h4 class=\"rt_heading serif quote-max-width style-3\" >Informationspaket Med Hills <a href=\"https:\/\/new.minisites.casadelmar.nl\/meer-informatie\/\"> Fordern Sie Prospekt und aktuelle Preisliste an <\/a><\/h4> \n\t\t\t\t\t<\/div>\n\t\t<\/div>\n\t<\/div>\n\t<\/div>\n\n<\/div>\n<\/div>\n\n<div  class=\"content_row row vc_row wpb_row  default-style fullwidth\" >\n\t\n\t<div class=\"content_row_wrapper  default\" >\n\t<div id=\"asdasd\" class=\"vc_col-sm-12 wpb_column vc_column_container\" >\n\t<div class=\"vc_column-inner\">\n\t\t<div class=\"wpb_wrapper\" >\n\t\t\t<div class=\"button_wrapper aligncenter\"><a  href=\"\/de\/mehr-informationen\/\" target=\"_self\" title=\"&gt; mehr Infos\" class=\"button_  style-2 small\">&gt; mehr Infos<\/a><\/div>\n\t<div class=\"wpb_video_widget wpb_content_element vc_clearfix   vc_video-aspect-ratio-235 vc_video-el-width-100 vc_video-align-center\" >\n\t\t<div class=\"wpb_wrapper\">\n\t\t\t\n\t\t\t<div class=\"wpb_video_wrapper\"><div class=\"video-container\"><iframe title=\"LIBELLA - Neubau Estepona - Costa del Sol\" width=\"1060\" height=\"596\" src=\"https:\/\/www.youtube.com\/embed\/TOvd16iIwbc?feature=oembed\" frameborder=\"0\" allow=\"accelerometer; autoplay; clipboard-write; encrypted-media; gyroscope; picture-in-picture; web-share\" referrerpolicy=\"strict-origin-when-cross-origin\" allowfullscreen><\/iframe><\/div><\/div>\n\t\t<\/div>\n\t<\/div>\n\n\t\t<\/div>\n\t<\/div>\n\t<\/div>\n\n<\/div>\n<\/div>\n<\/section>","protected":false},"excerpt":{"rendered":"<p>\u2026 <a class=\"more-link\" href=\"https:\/\/libella-estepona.com\/de\/der-komplex\/\">Weiterlesen<\/a><\/p>","protected":false},"author":1,"featured_media":4231,"parent":0,"menu_order":3,"comment_status":"closed","ping_status":"closed","template":"","meta":{"footnotes":""},"class_list":["post-95","page","type-page","status-publish","has-post-thumbnail","hentry"],"yoast_head":"<!-- This site is optimized with the Yoast SEO plugin v26.0 - https:\/\/yoast.com\/wordpress\/plugins\/seo\/ -->\n<title>Libella - Estepona - Libella Estepona<\/title>\n<meta name=\"robots\" content=\"index, follow, max-snippet:-1, max-image-preview:large, max-video-preview:-1\" \/>\n<link rel=\"canonical\" href=\"https:\/\/libella-estepona.com\/de\/der-komplex\/\" \/>\n<meta property=\"og:locale\" content=\"de_DE\" \/>\n<meta property=\"og:type\" content=\"article\" \/>\n<meta property=\"og:title\" content=\"Libella - Estepona - Libella Estepona\" \/>\n<meta property=\"og:url\" content=\"https:\/\/libella-estepona.com\/de\/der-komplex\/\" \/>\n<meta property=\"og:site_name\" content=\"Libella Estepona\" \/>\n<meta property=\"article:modified_time\" content=\"2024-02-01T12:32:47+00:00\" \/>\n<meta property=\"og:image\" content=\"https:\/\/libella-estepona.com\/wp-content\/uploads\/sites\/15\/2023\/02\/Outside-scaled.jpg\" \/>\n\t<meta property=\"og:image:width\" content=\"2560\" \/>\n\t<meta property=\"og:image:height\" content=\"1280\" \/>\n\t<meta property=\"og:image:type\" content=\"image\/jpeg\" \/>\n<meta name=\"twitter:card\" content=\"summary_large_image\" \/>\n<meta name=\"twitter:label1\" content=\"Gesch\u00e4tzte Lesezeit\" \/>\n\t<meta name=\"twitter:data1\" content=\"8\u00a0Minuten\" \/>\n<script type=\"application\/ld+json\" class=\"yoast-schema-graph\">{\"@context\":\"https:\/\/schema.org\",\"@graph\":[{\"@type\":\"WebPage\",\"@id\":\"https:\/\/libella-estepona.com\/het-complex\/\",\"url\":\"https:\/\/libella-estepona.com\/het-complex\/\",\"name\":\"Libella - Estepona - Libella Estepona\",\"isPartOf\":{\"@id\":\"https:\/\/libella-estepona.com\/#website\"},\"primaryImageOfPage\":{\"@id\":\"https:\/\/libella-estepona.com\/het-complex\/#primaryimage\"},\"image\":{\"@id\":\"https:\/\/libella-estepona.com\/het-complex\/#primaryimage\"},\"thumbnailUrl\":\"https:\/\/libella-estepona.com\/wp-content\/uploads\/sites\/15\/2023\/02\/Outside-scaled.jpg\",\"datePublished\":\"2022-01-27T10:58:29+00:00\",\"dateModified\":\"2024-02-01T12:32:47+00:00\",\"breadcrumb\":{\"@id\":\"https:\/\/libella-estepona.com\/het-complex\/#breadcrumb\"},\"inLanguage\":\"de\",\"potentialAction\":[{\"@type\":\"ReadAction\",\"target\":[\"https:\/\/libella-estepona.com\/het-complex\/\"]}]},{\"@type\":\"ImageObject\",\"inLanguage\":\"de\",\"@id\":\"https:\/\/libella-estepona.com\/het-complex\/#primaryimage\",\"url\":\"https:\/\/libella-estepona.com\/wp-content\/uploads\/sites\/15\/2023\/02\/Outside-scaled.jpg\",\"contentUrl\":\"https:\/\/libella-estepona.com\/wp-content\/uploads\/sites\/15\/2023\/02\/Outside-scaled.jpg\",\"width\":2560,\"height\":1280},{\"@type\":\"BreadcrumbList\",\"@id\":\"https:\/\/libella-estepona.com\/het-complex\/#breadcrumb\",\"itemListElement\":[{\"@type\":\"ListItem\",\"position\":1,\"name\":\"Home\",\"item\":\"https:\/\/libella-estepona.com\/\"},{\"@type\":\"ListItem\",\"position\":2,\"name\":\"Libella &#8211; Estepona\"}]},{\"@type\":\"WebSite\",\"@id\":\"https:\/\/libella-estepona.com\/#website\",\"url\":\"https:\/\/libella-estepona.com\/\",\"name\":\"Libella Estepona\",\"description\":\"\",\"potentialAction\":[{\"@type\":\"SearchAction\",\"target\":{\"@type\":\"EntryPoint\",\"urlTemplate\":\"https:\/\/libella-estepona.com\/?s={search_term_string}\"},\"query-input\":{\"@type\":\"PropertyValueSpecification\",\"valueRequired\":true,\"valueName\":\"search_term_string\"}}],\"inLanguage\":\"de\"}]}<\/script>\n<!-- \/ Yoast SEO plugin. -->","yoast_head_json":{"title":"Libella - Estepona - Libella Estepona","robots":{"index":"index","follow":"follow","max-snippet":"max-snippet:-1","max-image-preview":"max-image-preview:large","max-video-preview":"max-video-preview:-1"},"canonical":"https:\/\/libella-estepona.com\/de\/der-komplex\/","og_locale":"de_DE","og_type":"article","og_title":"Libella - Estepona - Libella Estepona","og_url":"https:\/\/libella-estepona.com\/de\/der-komplex\/","og_site_name":"Libella Estepona","article_modified_time":"2024-02-01T12:32:47+00:00","og_image":[{"width":2560,"height":1280,"url":"https:\/\/libella-estepona.com\/wp-content\/uploads\/sites\/15\/2023\/02\/Outside-scaled.jpg","type":"image\/jpeg"}],"twitter_card":"summary_large_image","twitter_misc":{"Gesch\u00e4tzte Lesezeit":"8\u00a0Minuten"},"schema":{"@context":"https:\/\/schema.org","@graph":[{"@type":"WebPage","@id":"https:\/\/libella-estepona.com\/het-complex\/","url":"https:\/\/libella-estepona.com\/het-complex\/","name":"Libella - Estepona - Libella Estepona","isPartOf":{"@id":"https:\/\/libella-estepona.com\/#website"},"primaryImageOfPage":{"@id":"https:\/\/libella-estepona.com\/het-complex\/#primaryimage"},"image":{"@id":"https:\/\/libella-estepona.com\/het-complex\/#primaryimage"},"thumbnailUrl":"https:\/\/libella-estepona.com\/wp-content\/uploads\/sites\/15\/2023\/02\/Outside-scaled.jpg","datePublished":"2022-01-27T10:58:29+00:00","dateModified":"2024-02-01T12:32:47+00:00","breadcrumb":{"@id":"https:\/\/libella-estepona.com\/het-complex\/#breadcrumb"},"inLanguage":"de","potentialAction":[{"@type":"ReadAction","target":["https:\/\/libella-estepona.com\/het-complex\/"]}]},{"@type":"ImageObject","inLanguage":"de","@id":"https:\/\/libella-estepona.com\/het-complex\/#primaryimage","url":"https:\/\/libella-estepona.com\/wp-content\/uploads\/sites\/15\/2023\/02\/Outside-scaled.jpg","contentUrl":"https:\/\/libella-estepona.com\/wp-content\/uploads\/sites\/15\/2023\/02\/Outside-scaled.jpg","width":2560,"height":1280},{"@type":"BreadcrumbList","@id":"https:\/\/libella-estepona.com\/het-complex\/#breadcrumb","itemListElement":[{"@type":"ListItem","position":1,"name":"Home","item":"https:\/\/libella-estepona.com\/"},{"@type":"ListItem","position":2,"name":"Libella &#8211; Estepona"}]},{"@type":"WebSite","@id":"https:\/\/libella-estepona.com\/#website","url":"https:\/\/libella-estepona.com\/","name":"Libella Estepona","description":"","potentialAction":[{"@type":"SearchAction","target":{"@type":"EntryPoint","urlTemplate":"https:\/\/libella-estepona.com\/?s={search_term_string}"},"query-input":{"@type":"PropertyValueSpecification","valueRequired":true,"valueName":"search_term_string"}}],"inLanguage":"de"}]}},"_links":{"self":[{"href":"https:\/\/libella-estepona.com\/de\/wp-json\/wp\/v2\/pages\/95","targetHints":{"allow":["GET"]}}],"collection":[{"href":"https:\/\/libella-estepona.com\/de\/wp-json\/wp\/v2\/pages"}],"about":[{"href":"https:\/\/libella-estepona.com\/de\/wp-json\/wp\/v2\/types\/page"}],"author":[{"embeddable":true,"href":"https:\/\/libella-estepona.com\/de\/wp-json\/wp\/v2\/users\/1"}],"replies":[{"embeddable":true,"href":"https:\/\/libella-estepona.com\/de\/wp-json\/wp\/v2\/comments?post=95"}],"version-history":[{"count":60,"href":"https:\/\/libella-estepona.com\/de\/wp-json\/wp\/v2\/pages\/95\/revisions"}],"predecessor-version":[{"id":4301,"href":"https:\/\/libella-estepona.com\/de\/wp-json\/wp\/v2\/pages\/95\/revisions\/4301"}],"wp:featuredmedia":[{"embeddable":true,"href":"https:\/\/libella-estepona.com\/de\/wp-json\/wp\/v2\/media\/4231"}],"wp:attachment":[{"href":"https:\/\/libella-estepona.com\/de\/wp-json\/wp\/v2\/media?parent=95"}],"curies":[{"name":"wp","href":"https:\/\/api.w.org\/{rel}","templated":true}]}}